{"id":752,"date":"2021-04-30T08:18:27","date_gmt":"2021-04-30T06:18:27","guid":{"rendered":"http:\/\/jagd-im-mittelalter.de\/?page_id=752"},"modified":"2021-04-30T19:24:34","modified_gmt":"2021-04-30T17:24:34","slug":"vortraege","status":"publish","type":"page","link":"http:\/\/jagd-im-mittelalter.de\/?page_id=752","title":{"rendered":"Vortr\u00e4ge"},"content":{"rendered":"<p style=\"font-size: 17px;\"><strong>Oktober 2021<\/strong><\/p>\n<p style=\"font-size: 16px;\">Schultz-Balluff, Simone: Raumtransformation: Der Waldraum als Ort der Jagd in der Literatur des Mittelalters<br \/>\nDer Wald in der Literatur des Mittelalters. Konzepte, Funktionen, Deutungen, 7.\/8.10.2021, Universit\u00e4t Bonn; Franziska Hammer, Simone Schultz-Balluff<\/p>\n<p style=\"font-size: 16px;\"><strong><br \/>\nSeptember 2021<\/strong><\/p>\n<p style=\"font-size: 16px;\">Schultz-Balluff, Simone: Experimente zur Erfassung mittelalterlicher Texte und Handschriften als Linked Open Data<br \/>\nvDHd2021 Experimente, Zweite Eventtage: 13.-17.09.2021; zusammen mit Marco Heiles (Aachen) und Ina Serif (Basel)<\/p>\n<p style=\"font-size: 17px;\"><strong><br \/>\nJanuar 2021<\/strong><\/p>\n<p style=\"font-size: 16px;\">Schultz-Balluff, Simone: Jagende Held*innen. Narrative Relevanz und Deutungspotential der Jagd in der mhd. Epik<br \/>\nMedi\u00e4vistisches Kolloquium, Universit\u00e4t Duisburg-Essen, 26. Januar 2021; Simone Loleit, Martin Schubert<\/p>\n<p style=\"font-size: 17px;\"><strong><br \/>\nNovember 2019<\/strong><\/p>\n<p style=\"font-size: 16px;\">Schultz-Balluff, Simone: Jagende Helden. Zum Verh\u00e4ltnis von Jagd, Macht und Herrschaft in der mittelhochdeutschen Epik<br \/>\nVortrag im Rahmen des Bonner SFB 1167 \u201aMacht und Herrschaft Vormoderne Konfigurationen in transkultureller Perspektive\u2018; Universit\u00e4t Bonn, 28. November 2019; Teilprojekt Elke Br\u00fcggen<\/p>\n<p style=\"font-size: 16px;\">\nSchultz-Balluff, Simone: H\u00f6rnerklang und Hundegel\u00e4ut. Der Klangraum der Jagd in Texten und Bildern des Mittelalters<br \/>\nKlang der Macht \u2013 Macht des Klangs in Gesellschaften und Medien der Vormoderne, 26. Jahrestagung des Brackweder Arbeitskreises f\u00fcr Mittelalterforschung, Jena, 22.\/23. November 2019; Sophie Marshall, Jan Stellmann<\/p>\n<p style=\"font-size: 17px;\"><strong><br \/>\nOktober 2019<\/strong><\/p>\n<p style=\"font-size: 16px;\">Schultz-Balluff, Simone: Jagen \u2013 heilen \u2013 beten. Ein kleines Jagdhandbuch aus dem Sp\u00e4tmittelalter als Wissensspeicher und Gebrauchsobjekt (8\u00b0 Cod. ms. 354, UB M\u00fcnchen)<br \/>\nBurg Cadolzburg, Vortrag zur Er\u00f6ffnung der Sonderausstellung \u201aJagd\u2018, 12. Oktober 2019; Uta Piereth<\/p>\n<p style=\"font-size: 16px;\">\nSchultz-Balluff, Simone: Fachtexte zur Jagd aus Mittelalter und Fr\u00fcher Neuzeit: Themen \u2013 Inhalte \u2013 Funktionen<br \/>\nKuliMa \u2013 Universit\u00e4tsverein Kulinarisches Mittelalter, Karl-Franzens-Universit\u00e4t Graz, 4.\/5. Oktober 2019; Helmut W. Klug<\/p>\n<p style=\"font-size: 17px;\"><strong><br \/>\nFebruar 2019<\/strong><\/p>\n<p style=\"font-size: 16px;\">Schultz-Balluff, Simone: Die Jagd in deutschsprachigen Fachtexten des Mittelalters und der Fr\u00fchen Neuzeit<br \/>\nWorkshop \u201aDeutsche Fach- und Gebrauchsliteratur des Mittelalters und der Fr\u00fchen Neuzeit\u2018, Universit\u00e4t Gie\u00dfen, 24.-26. Februar; Simone Schultz-Balluff, Helmut W. Klug<\/p>\n<p style=\"font-size: 17px;\"><strong><br \/>\nSeptember 2018<\/strong><\/p>\n<p style=\"font-size: 16px;\">Schultz-Balluff, Simone: Wissensbereiche und Korpusbildung. Am Beispiel der Jagd in Texten des Mittelalters und der fr\u00fchen Neuzeit<br \/>\n\u201aHistorische Korpuslinguistik\u2018 &#8211; Jahrestagung der Gesellschaft f\u00fcr Germanis\u00adtische Sprachgeschichte, 20.-22.09.2018, Universit\u00e4t Bam\u00adberg; Renata Szczepaniak<\/p>\n<p style=\"font-size: 17px;\"><strong><br \/>\nApril 2018<\/strong><\/p>\n<p style=\"font-size: 16px;\">Schultz-Balluff, Simone: waz sol ain jager \u00e2n guot hund und \u00e2n ein horn? \u2013 Die Jagd in deutsch\u00adsprachigen Texten des Mittelalters und der Fr\u00fchen Neuzeit<br \/>\nJahrestagung des Forums Lebendige Jagdkultur, 20.-22. April 2018, Forthaus Paulsborn\/ Jagdschloss Grunewald; Jobst Schmidt<\/p>\n<p style=\"font-size: 17px;\"><strong><br \/>\nMai 2016<\/strong><\/p>\n<p style=\"font-size: 16px;\">Schultz-Balluff, Simone: waz sol ain jager \u00e2n guot hund und \u00e2n ein horn? \u2013 Die Jagd in deutsch\u00adsprachigen Texten des Mittelalters und der Fr\u00fchen Neuzeit<br \/>\nAntrittsvorlesung, Fakult\u00e4t f\u00fcr Philologie, Ruhr-Universit\u00e4t Bochum, 11. Mai 2016<\/p>\n","protected":false},"excerpt":{"rendered":"<p>Oktober 2021 Schultz-Balluff, Simone: Raumtransformation: Der Waldraum als Ort der Jagd in der Literatur des Mittelalters Der Wald in der Literatur des Mittelalters. Konzepte, Funktionen, Deutungen, 7.\/8.10.2021, Universit\u00e4t Bonn; Franziska Hammer, Simone Schultz-Balluff September 2021 Schultz-Balluff, Simone: Experimente zur Erfassung mittelalterlicher Texte und Handschriften als Linked Open Data vDHd2021 Experimente, Zweite Eventtage: 13.-17.09.2021; zusammen mit&#8230;<\/p>\n","protected":false},"author":1,"featured_media":0,"parent":0,"menu_order":0,"comment_status":"closed","ping_status":"closed","template":"","meta":{"_links_to":"","_links_to_target":""},"_links":{"self":[{"href":"http:\/\/jagd-im-mittelalter.de\/index.php?rest_route=\/wp\/v2\/pages\/752"}],"collection":[{"href":"http:\/\/jagd-im-mittelalter.de\/index.php?rest_route=\/wp\/v2\/pages"}],"about":[{"href":"http:\/\/jagd-im-mittelalter.de\/index.php?rest_route=\/wp\/v2\/types\/page"}],"author":[{"embeddable":true,"href":"http:\/\/jagd-im-mittelalter.de\/index.php?rest_route=\/wp\/v2\/users\/1"}],"replies":[{"embeddable":true,"href":"http:\/\/jagd-im-mittelalter.de\/index.php?rest_route=%2Fwp%2Fv2%2Fcomments&post=752"}],"version-history":[{"count":52,"href":"http:\/\/jagd-im-mittelalter.de\/index.php?rest_route=\/wp\/v2\/pages\/752\/revisions"}],"predecessor-version":[{"id":994,"href":"http:\/\/jagd-im-mittelalter.de\/index.php?rest_route=\/wp\/v2\/pages\/752\/revisions\/994"}],"wp:attachment":[{"href":"http:\/\/jagd-im-mittelalter.de\/index.php?rest_route=%2Fwp%2Fv2%2Fmedia&parent=752"}],"curies":[{"name":"wp","href":"https:\/\/api.w.org\/{rel}","templated":true}]}}