{"id":672,"date":"2021-04-29T09:13:39","date_gmt":"2021-04-29T07:13:39","guid":{"rendered":"http:\/\/jagd-im-mittelalter.de\/?page_id=672"},"modified":"2021-04-30T19:20:46","modified_gmt":"2021-04-30T17:20:46","slug":"jagd-im-artesliteratur-wiki","status":"publish","type":"page","link":"http:\/\/jagd-im-mittelalter.de\/?page_id=672","title":{"rendered":"Jagd im Artesliteratur-Wiki"},"content":{"rendered":"<p style=\"font-size: 16px; text-align: justify;\">Um Informationen zur Jagd im Mittelalter, insbesondere aber zu den einzelnen deutschsprachigen Jagdtexten des Mittelalters und der fr\u00fchen Neuzeit in \u00fcbersichtlicher Form zur Verf\u00fcgung zu stellen, kooperieren wir mit dem <a href=\"https:\/\/www.artesliteratur.de\/wiki\/Hauptseite\">Artesliteratur-Wiki<\/a>, das seit 2014 von Marco Heiles gef\u00fchrt wird und das Ziel verfolgt, die deutschsprachige Wissens- und Gebrauchsliteratur des Mittelalters und der fr\u00fchen Neuzeit zu erfassen.<\/p>\n<p style=\"font-size: 16px; text-align: justify;\">Im Artesliteratur-Wiki k\u00f6nnen die erfassten Jagdtexte \u00fcber mehrere Wege angesteuert werden. Einerseits gibt es die M\u00f6glichkeit, sich den Texte \u00fcber den <a href=\"https:\/\/www.artesliteratur.de\/wiki\/Kategorie:Jagd\">Themenbereich &#8218;Jagd<\/a>&#8218; zu n\u00e4hern, andererseits k\u00f6nnen die einzelnen Texte auch direkt \u00fcber die <a href=\"https:\/\/www.artesliteratur.de\/wiki\/Kategorie:Text\">Kategorie &#8218;Texte&#8216;<\/a>&nbsp;erreicht werden.<\/p>\n<p>&nbsp;<\/p>\n<figure id=\"attachment_692\" aria-describedby=\"caption-attachment-692\" style=\"width: 2560px\" class=\"wp-caption alignleft\"><a href=\"https:\/\/www.artesliteratur.de\/wiki\/Hauptseite\"><img decoding=\"async\" loading=\"lazy\" class=\"wp-image-692 size-full\" src=\"http:\/\/jagd-im-mittelalter.de\/wp-content\/uploads\/2021\/04\/Artesliteratur-Wiki-scaled.jpg\" alt=\"\" width=\"2560\" height=\"905\" srcset=\"http:\/\/jagd-im-mittelalter.de\/wp-content\/uploads\/2021\/04\/Artesliteratur-Wiki-scaled.jpg 2560w, http:\/\/jagd-im-mittelalter.de\/wp-content\/uploads\/2021\/04\/Artesliteratur-Wiki-300x106.jpg 300w, http:\/\/jagd-im-mittelalter.de\/wp-content\/uploads\/2021\/04\/Artesliteratur-Wiki-1024x362.jpg 1024w, http:\/\/jagd-im-mittelalter.de\/wp-content\/uploads\/2021\/04\/Artesliteratur-Wiki-768x272.jpg 768w, http:\/\/jagd-im-mittelalter.de\/wp-content\/uploads\/2021\/04\/Artesliteratur-Wiki-1536x543.jpg 1536w, http:\/\/jagd-im-mittelalter.de\/wp-content\/uploads\/2021\/04\/Artesliteratur-Wiki-2048x724.jpg 2048w\" sizes=\"(max-width: 2560px) 100vw, 2560px\" \/><\/a><figcaption id=\"caption-attachment-692\" class=\"wp-caption-text\">Hauptseite des Artesliteratur-Wiki<\/figcaption><\/figure>\n<p>&nbsp;<\/p>\n<p>&nbsp;<\/p>\n<p>&nbsp;<\/p>\n<p>&nbsp;<\/p>\n<p>&nbsp;<\/p>\n<p>&nbsp;<\/p>\n<p>&nbsp;<\/p>\n<p style=\"text-align: justify;\">&nbsp;<\/p>\n<p><!-- \/wp:tadv\/classic-paragraph --><\/p>\n","protected":false},"excerpt":{"rendered":"<p>Um Informationen zur Jagd im Mittelalter, insbesondere aber zu den einzelnen deutschsprachigen Jagdtexten des Mittelalters und der fr\u00fchen Neuzeit in \u00fcbersichtlicher Form zur Verf\u00fcgung zu stellen, kooperieren wir mit dem Artesliteratur-Wiki, das seit 2014 von Marco Heiles gef\u00fchrt wird und das Ziel verfolgt, die deutschsprachige Wissens- und Gebrauchsliteratur des Mittelalters und der fr\u00fchen Neuzeit zu&#8230;<\/p>\n","protected":false},"author":1,"featured_media":0,"parent":0,"menu_order":0,"comment_status":"closed","ping_status":"closed","template":"","meta":{"_links_to":"","_links_to_target":""},"_links":{"self":[{"href":"http:\/\/jagd-im-mittelalter.de\/index.php?rest_route=\/wp\/v2\/pages\/672"}],"collection":[{"href":"http:\/\/jagd-im-mittelalter.de\/index.php?rest_route=\/wp\/v2\/pages"}],"about":[{"href":"http:\/\/jagd-im-mittelalter.de\/index.php?rest_route=\/wp\/v2\/types\/page"}],"author":[{"embeddable":true,"href":"http:\/\/jagd-im-mittelalter.de\/index.php?rest_route=\/wp\/v2\/users\/1"}],"replies":[{"embeddable":true,"href":"http:\/\/jagd-im-mittelalter.de\/index.php?rest_route=%2Fwp%2Fv2%2Fcomments&post=672"}],"version-history":[{"count":16,"href":"http:\/\/jagd-im-mittelalter.de\/index.php?rest_route=\/wp\/v2\/pages\/672\/revisions"}],"predecessor-version":[{"id":987,"href":"http:\/\/jagd-im-mittelalter.de\/index.php?rest_route=\/wp\/v2\/pages\/672\/revisions\/987"}],"wp:attachment":[{"href":"http:\/\/jagd-im-mittelalter.de\/index.php?rest_route=%2Fwp%2Fv2%2Fmedia&parent=672"}],"curies":[{"name":"wp","href":"https:\/\/api.w.org\/{rel}","templated":true}]}}