{"id":465,"date":"2018-01-17T15:02:32","date_gmt":"2018-01-17T14:02:32","guid":{"rendered":"http:\/\/jagd-im-mittelalter.de\/?page_id=465"},"modified":"2021-07-01T14:57:04","modified_gmt":"2021-07-01T12:57:04","slug":"texte","status":"publish","type":"page","link":"http:\/\/jagd-im-mittelalter.de\/?page_id=465","title":{"rendered":"Texte"},"content":{"rendered":"<p style=\"font-size: 17px; text-align: justify;\">Folgende Texte sind f\u00fcr die\u00a0Erfassung und Edition vorgesehen:<\/p>\n<figure id=\"attachment_479\" aria-describedby=\"caption-attachment-479\" style=\"width: 500px\" class=\"wp-caption alignright\"><img decoding=\"async\" loading=\"lazy\" class=\"wp-image-479\" src=\"http:\/\/jagd-im-mittelalter.de\/wp-content\/uploads\/2018\/01\/Jagd-03_kl_c-Kopie-3-e1516206027484.jpg\" alt=\"\" width=\"500\" height=\"696\" \/><figcaption id=\"caption-attachment-479\" class=\"wp-caption-text\"><em><span style=\"font-size: 10pt;\">Ausschnitt Jagdteppich 3, \u00a9 Kloster Wienhausen<\/span><\/em><\/figcaption><\/figure>\n<ul>\n<li>\n<p style=\"font-size: 17px; text-align: justify;\"><a href=\"https:\/\/www.artesliteratur.de\/wiki\/Kategorie:Beizjagd\"><strong>Beizjagd<\/strong><\/a><\/p>\n<ul>\n<li>\n<p style=\"font-size: 16px; text-align: justify;\"><em><a href=\"https:\/\/www.artesliteratur.de\/wiki\/\u00c4ltere_deutsche_Habichtslehre\">\u00c4ltere deutsche Habichtslehre<\/a><\/em><\/p>\n<\/li>\n<li>\n<p style=\"font-size: 16px; text-align: justify;\"><a href=\"https:\/\/www.artesliteratur.de\/wiki\/J\u00fcngere_deutsche_Habichtslehre\"><em>J\u00fcngere deutsche Habichtslehre<\/em><\/a><\/p>\n<\/li>\n<li>\n<p style=\"font-size: 16px; text-align: justify;\"><a href=\"https:\/\/www.artesliteratur.de\/wiki\/Beizb\u00fcchlein\"><em>Beizb\u00fcchlein<\/em><\/a><\/p>\n<\/li>\n<li>\n<p style=\"font-size: 16px; text-align: justify;\"><a href=\"https:\/\/www.artesliteratur.de\/wiki\/Wiener_Falkenheilkunde\"><em>Wiener Falkenheilkunde<\/em><\/a><\/p>\n<\/li>\n<li>\n<p style=\"font-size: 16px; text-align: justify;\"><a href=\"https:\/\/www.artesliteratur.de\/wiki\/Heidelberger_Falkenheilkunde\"><em>Heidelberger Falkenheilkunde<\/em><\/a><\/p>\n<\/li>\n<li>\n<p style=\"font-size: 16px; text-align: justify;\"><a href=\"https:\/\/www.artesliteratur.de\/wiki\/Aucupatorium_herodiorum_des_Eberhard_Hicfelt\"><em>Aucupatorium herodiorum<\/em><\/a>\u00a0des\u00a0Eberhard Hicfelt<\/p>\n<\/li>\n<\/ul>\n<\/li>\n<\/ul>\n<ul>\n<li>\n<p style=\"font-size: 17px; text-align: justify;\"><a href=\"https:\/\/www.artesliteratur.de\/wiki\/Kategorie:Hirschjagd\"><strong>Hirschjagd<\/strong><\/a><\/p>\n<ul>\n<li>\n<p style=\"font-size: 16px; text-align: justify;\"><a href=\"https:\/\/www.artesliteratur.de\/wiki\/Lehre_von_den_Zeichen_des_Hirsches\"><em>Lehre von den Zeichen des Hirsches<\/em><\/a><\/p>\n<\/li>\n<li>\n<p style=\"font-size: 16px; text-align: justify;\"><em><a href=\"https:\/\/www.artesliteratur.de\/wiki\/Lehre_von_des_Hirsches_Gescheitheit_und_seinem_Wandel\">Lehre von des Hirsches\u00a0Gescheitheit\u00a0und seinem Wandel<\/a><\/em><\/p>\n<\/li>\n<li>\n<p style=\"font-size: 16px; text-align: justify;\"><em>Lehre vom Arbeiten der Leithunde<\/em><\/p>\n<\/li>\n<\/ul>\n<\/li>\n<\/ul>\n<ul>\n<li>\n<p style=\"font-size: 17px; text-align: justify;\"><strong>Nieder-, Raub- und Federwildjagd<\/strong><\/p>\n<ul>\n<li>\n<p style=\"font-size: 16px; text-align: justify;\"><em>Jagdtechnik auf die kleinen Nutz- und Raubwildarten<\/em><\/p>\n<\/li>\n<li>\n<p style=\"font-size: 16px; text-align: justify;\"><em>Wolfsjagd<\/em><\/p>\n<\/li>\n<li>\n<p style=\"font-size: 16px; text-align: justify;\"><em>Vogelfang<\/em><\/p>\n<\/li>\n<li>\n<p style=\"font-size: 16px; text-align: justify;\"><i>Hasensuche<\/i><\/p>\n<\/li>\n<li>\n<p style=\"font-size: 16px; text-align: justify;\"><i><\/i><em>Vogeljagdb\u00fcchlein vom Bodensee<\/em><\/p>\n<\/li>\n<\/ul>\n<\/li>\n<\/ul>\n<ul>\n<li>\n<p style=\"font-size: 17px; text-align: justify;\"><a href=\"https:\/\/www.artesliteratur.de\/wiki\/Kategorie:Fischfang\"><strong>Fischfang<\/strong><\/a><\/p>\n<ul>\n<li>\n<p style=\"font-size: 16px; text-align: justify;\"><a href=\"https:\/\/www.artesliteratur.de\/wiki\/Fischb\u00fcchlein_vom_Bodensee\"><em>Fischb\u00fcchlein vom Bodensee<\/em><\/a><\/p>\n<\/li>\n<li>\n<p style=\"font-size: 16px; text-align: justify;\"><a href=\"https:\/\/www.artesliteratur.de\/wiki\/Tegernseer_Angel-_und_Fischb\u00fcchlein\"><em>Tegernseer Angel- und Fischb\u00fcchlein<\/em><\/a><\/p>\n<\/li>\n<li>\n<p style=\"font-size: 16px; text-align: justify;\"><em><a href=\"https:\/\/www.artesliteratur.de\/wiki\/Fischbuch_des_Gregor_Mangolt\">Fischbuch<\/a> <\/em>des Gregor\u00a0Mangolt<\/p>\n<\/li>\n<li>\n<p style=\"font-size: 16px; text-align: justify;\"><a href=\"https:\/\/www.artesliteratur.de\/wiki\/Fisch-_und_Vogelfangb\u00fcchlein_des_Johannes_Rittershofen\"><em>Fisch- und Vogelfangb\u00fcchlein<\/em><\/a> des Johannes Rittershofen<\/p>\n<\/li>\n<\/ul>\n<\/li>\n<li>\n<p style=\"font-size: 17px; text-align: justify;\"><a href=\"https:\/\/www.artesliteratur.de\/wiki\/Kategorie:Jagdb\u00fccher_Kaiser_Maximilians\"><strong>Jagdb\u00fccher Kaiser Maximilians<\/strong><\/a><\/p>\n<ul>\n<li>\n<p style=\"font-size: 16px; text-align: justify;\"><a href=\"https:\/\/www.artesliteratur.de\/wiki\/Geheime_Jagdbuch_Kaiser_Maximilians_I.\"><i>Geheime Jagdbuch Kaiser Maximilians I.<\/i><\/a><\/p>\n<\/li>\n<li>\n<p style=\"font-size: 16px; text-align: justify;\"><a href=\"https:\/\/www.artesliteratur.de\/wiki\/Tiroler_Fischereibuch_Kaiser_Maximilians_I.\"><i>Tiroler Fischereibuch Kaiser Maximilians I.<\/i><\/a><\/p>\n<\/li>\n<li>\n<p style=\"font-size: 16px; text-align: justify;\"><a href=\"https:\/\/www.artesliteratur.de\/wiki\/Tiroler_Jagdbuch_Kaiser_Maximilians_I.\"><i>Tiroler Jagdbuch Kaiser Maximilians I.<\/i><\/a><\/p>\n<\/li>\n<\/ul>\n<\/li>\n<li>\n<p style=\"font-size: 17px; text-align: justify;\"><a href=\"https:\/\/www.artesliteratur.de\/wiki\/Kategorie:Jagdb\u00fccher_Petrus_Crescentiis\u2018\"><strong>Jagdb\u00fccher Petrus Crescentiis&#8216;<\/strong><\/a><\/p>\n<ul>\n<li>\n<p style=\"font-size: 16px; text-align: justify;\"><a href=\"https:\/\/www.artesliteratur.de\/wiki\/\u00c4ltere_\u00dcbersetzung_des_Jagdbuchs\"><em>\u00c4ltere \u00dcbersetzung des Jagdbuchs<\/em><\/a><\/p>\n<\/li>\n<li>\n<p style=\"font-size: 16px; text-align: justify;\"><a href=\"https:\/\/www.artesliteratur.de\/wiki\/J\u00fcngere_\u00dcbersetzung_des_Jagdbuchs\"><em>J\u00fcngere \u00dcbersetzung des Jagdbuchs<\/em><\/a><\/p>\n<\/li>\n<\/ul>\n<\/li>\n<li>\n<p style=\"font-size: 17px; text-align: justify;\"><a href=\"https:\/\/www.artesliteratur.de\/wiki\/Kategorie:Jagdtier-_und_Rossheilkunde\"><strong>Jagdtier- und Rossheilkunde<\/strong><\/a><\/p>\n<ul>\n<li>\n<p style=\"font-size: 16px; text-align: justify;\"><a href=\"https:\/\/www.artesliteratur.de\/wiki\/Buchelin_von_den_suchten_der_fogel,_hunde_vnd_pferde_des_Werner_Ernesti\"><em>Buchelin von den suchten der fogel, hunde vnd pferde <\/em><\/a>des\u00a0<span style=\"font-size: medium;\">Werner Ernesti<\/span><\/p>\n<\/li>\n<li>\n<p style=\"font-size: 16px; text-align: justify;\"><em><a href=\"https:\/\/www.artesliteratur.de\/wiki\/Buch_von_den_Falken,_Habichten,_Sperbern,_Pferden_und_Hunden\">Buoch von den falcken, hebichen, sperbern, pferden und huenden <\/a><\/em>des Heinrich M\u00fcnsinger<\/p>\n<\/li>\n<li><span style=\"font-size: 12pt; text-align: justify;\"><em>Thierbuch Alberti Magni <\/em>des Walther Ryff<\/span><\/li>\n<\/ul>\n<\/li>\n<\/ul>\n<ul>\n<li>\n<p style=\"font-size: 17px; text-align: justify;\"><strong>Jagdb\u00fccher<\/strong><\/p>\n<ul>\n<li>\n<p style=\"font-size: 16px; text-align: justify;\">Jagdbuch des Cornelius Latomus<\/p>\n<\/li>\n<li>\n<p style=\"font-size: 16px; text-align: justify;\">\u00d6sterreichische Jagdbuch des\u00a0Wilhelm von Grey\u00df<\/p>\n<\/li>\n<li>\n<p style=\"font-size: 16px; text-align: justify;\">Jagdbuch des Sebastian Ranck<\/p>\n<\/li>\n<li>\n<p style=\"font-size: 16px; text-align: justify;\">Jagdbuch des Wolfgang Edlinger<\/p>\n<\/li>\n<\/ul>\n<\/li>\n<\/ul>\n<ul>\n<li>\n<p style=\"font-size: 16px; text-align: justify;\">Das Weidwerk in der Haushaltung in Vorwerken<\/p>\n<\/li>\n<li>\n<p style=\"font-size: 16px; text-align: justify;\">Weidspr\u00fcche und J\u00e4gerschreie<\/p>\n<\/li>\n<li>\n<p style=\"font-size: 16px; text-align: justify;\">Deutsche \u00dcbersetzung Etiennes und Liebaults\u00a0<em>L&#8217;Agriculture et Maison rustique<\/em><\/p>\n<\/li>\n<\/ul>\n","protected":false},"excerpt":{"rendered":"<p>Folgende Texte sind f\u00fcr die\u00a0Erfassung und Edition vorgesehen: Beizjagd \u00c4ltere deutsche Habichtslehre J\u00fcngere deutsche Habichtslehre Beizb\u00fcchlein Wiener Falkenheilkunde Heidelberger Falkenheilkunde Aucupatorium herodiorum\u00a0des\u00a0Eberhard Hicfelt Hirschjagd Lehre von den Zeichen des Hirsches Lehre von des Hirsches\u00a0Gescheitheit\u00a0und seinem Wandel Lehre vom Arbeiten der Leithunde Nieder-, Raub- und Federwildjagd Jagdtechnik auf die kleinen Nutz- und Raubwildarten Wolfsjagd Vogelfang Hasensuche&#8230;<\/p>\n","protected":false},"author":1,"featured_media":0,"parent":297,"menu_order":0,"comment_status":"closed","ping_status":"closed","template":"","meta":{"_links_to":"","_links_to_target":""},"_links":{"self":[{"href":"http:\/\/jagd-im-mittelalter.de\/index.php?rest_route=\/wp\/v2\/pages\/465"}],"collection":[{"href":"http:\/\/jagd-im-mittelalter.de\/index.php?rest_route=\/wp\/v2\/pages"}],"about":[{"href":"http:\/\/jagd-im-mittelalter.de\/index.php?rest_route=\/wp\/v2\/types\/page"}],"author":[{"embeddable":true,"href":"http:\/\/jagd-im-mittelalter.de\/index.php?rest_route=\/wp\/v2\/users\/1"}],"replies":[{"embeddable":true,"href":"http:\/\/jagd-im-mittelalter.de\/index.php?rest_route=%2Fwp%2Fv2%2Fcomments&post=465"}],"version-history":[{"count":127,"href":"http:\/\/jagd-im-mittelalter.de\/index.php?rest_route=\/wp\/v2\/pages\/465\/revisions"}],"predecessor-version":[{"id":1348,"href":"http:\/\/jagd-im-mittelalter.de\/index.php?rest_route=\/wp\/v2\/pages\/465\/revisions\/1348"}],"up":[{"embeddable":true,"href":"http:\/\/jagd-im-mittelalter.de\/index.php?rest_route=\/wp\/v2\/pages\/297"}],"wp:attachment":[{"href":"http:\/\/jagd-im-mittelalter.de\/index.php?rest_route=%2Fwp%2Fv2%2Fmedia&parent=465"}],"curies":[{"name":"wp","href":"https:\/\/api.w.org\/{rel}","templated":true}]}}