{"id":370,"date":"2017-12-11T15:09:03","date_gmt":"2017-12-11T14:09:03","guid":{"rendered":"http:\/\/jagd-im-mittelalter.de\/?page_id=370"},"modified":"2023-01-27T12:53:18","modified_gmt":"2023-01-27T11:53:18","slug":"dissertationsskizze","status":"publish","type":"page","link":"http:\/\/jagd-im-mittelalter.de\/?page_id=370","title":{"rendered":""},"content":{"rendered":"<h3 style=\"text-align: center;\"><strong>HEILKUNDLICHES WISSEN IN NONNENHAND:<\/strong><\/h3>\n<h3 style=\"text-align: center;\"><strong>SP\u00c4TMITTELALTERLICHE MEDIZINISCHE TEXTE AUS NORDDEUTSCHEN FRAUENKL\u00d6STERN<\/strong><\/h3>\n<p style=\"text-align: justify;\"><span style=\"font-size: 12pt;\">Auch wenn derzeitig das wissenschaftliche Interesse an der Erforschung der mittelalterlichen Geschichte der sechs L\u00fcneburger Frauenkl\u00f6ster \u2013 Ebstorf, Isenhagen, L\u00fcne, Medingen, Walsrode und Wienhausen \u2013 gro\u00df ist und bereits zahlreiche Bereiche des kl\u00f6sterlichen Lebens untersucht worden sind, so steht die Besch\u00e4ftigung mit der Krankenpflege, des heilkundlichen Wissens und der medizinischen Literatur in diesen Kl\u00f6stern noch aus. Allein die heute im Kloster Wienhausen aufbewahrten \u00dcberlieferungszeugnisse medizinischer Thematik zeigen, dass die Sorge um die eigene Gesundheit im Sp\u00e4tmittelalter eine so zentrale Rolle einnahm, dass die Konventualinnen sich selbst an der Produktion, Rezeption und Optimierung medizinischen Wissens beteiligten. Welchen Beitrag leisteten also Nonnen zum medizinischen Diskurs am \u00dcbergang vom Sp\u00e4tmittelalter zur Fr\u00fchen Neuzeit? Mein Projekt m\u00f6chte diese Frage anhand des noch unerschlossenen Bestands an heilkundlichen Texten, die im Sp\u00e4tmittelalter in den sechs Frauenkl\u00f6stern im Umlauf waren, beantworten. Da eine philologische, fachsprachliche und kulturhistorische Untersuchung dieser sich medizinischen Themen widmenden Handschriften, Drucke und Fragmente noch nicht vorliegt, m\u00f6chte mein Forschungsvorhaben hier ansetzen. Anhand einer gesamthaften Erfassung und Untersuchung soll aufgezeigt werden, wie Nonnen im Sp\u00e4tmittelalter medizinisches Wissen schriftlich sicherten, erweiterten und rezipierten. Es gilt herauszuarbeiten, mit welcher Art von Fachliteratur die Konventualinnen der Kl\u00f6ster einen ganz eigenen Beitrag zum mittelalterlichen medizinischen Fachschrifttum leisteten.<\/span><\/p>\n<p style=\"text-align: right;\">\n","protected":false},"excerpt":{"rendered":"<p>HEILKUNDLICHES WISSEN IN NONNENHAND: SP\u00c4TMITTELALTERLICHE MEDIZINISCHE TEXTE AUS NORDDEUTSCHEN FRAUENKL\u00d6STERN Auch wenn derzeitig das wissenschaftliche Interesse an der Erforschung der mittelalterlichen Geschichte der sechs L\u00fcneburger Frauenkl\u00f6ster \u2013 Ebstorf, Isenhagen, L\u00fcne, Medingen, Walsrode und Wienhausen \u2013 gro\u00df ist und bereits zahlreiche Bereiche des kl\u00f6sterlichen Lebens untersucht worden sind, so steht die Besch\u00e4ftigung mit der Krankenpflege, des&#8230;<\/p>\n","protected":false},"author":1,"featured_media":0,"parent":147,"menu_order":0,"comment_status":"closed","ping_status":"closed","template":"","meta":{"_links_to":"","_links_to_target":""},"_links":{"self":[{"href":"http:\/\/jagd-im-mittelalter.de\/index.php?rest_route=\/wp\/v2\/pages\/370"}],"collection":[{"href":"http:\/\/jagd-im-mittelalter.de\/index.php?rest_route=\/wp\/v2\/pages"}],"about":[{"href":"http:\/\/jagd-im-mittelalter.de\/index.php?rest_route=\/wp\/v2\/types\/page"}],"author":[{"embeddable":true,"href":"http:\/\/jagd-im-mittelalter.de\/index.php?rest_route=\/wp\/v2\/users\/1"}],"replies":[{"embeddable":true,"href":"http:\/\/jagd-im-mittelalter.de\/index.php?rest_route=%2Fwp%2Fv2%2Fcomments&post=370"}],"version-history":[{"count":4,"href":"http:\/\/jagd-im-mittelalter.de\/index.php?rest_route=\/wp\/v2\/pages\/370\/revisions"}],"predecessor-version":[{"id":1406,"href":"http:\/\/jagd-im-mittelalter.de\/index.php?rest_route=\/wp\/v2\/pages\/370\/revisions\/1406"}],"up":[{"embeddable":true,"href":"http:\/\/jagd-im-mittelalter.de\/index.php?rest_route=\/wp\/v2\/pages\/147"}],"wp:attachment":[{"href":"http:\/\/jagd-im-mittelalter.de\/index.php?rest_route=%2Fwp%2Fv2%2Fmedia&parent=370"}],"curies":[{"name":"wp","href":"https:\/\/api.w.org\/{rel}","templated":true}]}}