{"id":355,"date":"2017-12-11T14:53:23","date_gmt":"2017-12-11T13:53:23","guid":{"rendered":"http:\/\/jagd-im-mittelalter.de\/?page_id=355"},"modified":"2021-05-07T11:00:39","modified_gmt":"2021-05-07T09:00:39","slug":"forschung-projekte","status":"publish","type":"page","link":"http:\/\/jagd-im-mittelalter.de\/?page_id=355","title":{"rendered":"Forschung"},"content":{"rendered":"<p style=\"font-size: 17px; text-align: justify;\"><strong>Schwerpunkte in der Forschung<\/strong><\/p>\n<p style=\"font-size: 16px; padding-left: 30px;\">Textkulturen im Kloster, insbes. normt. Frauenkl\u00f6ster<\/p>\n<p style=\"font-size: 16px; padding-left: 30px;\">Jagd und Jagen in Texten des Mittelalters und der fr\u00fchen Neuzeit<\/p>\n<p style=\"font-size: 16px; padding-left: 30px;\">\u00dcberlieferungsforschung und Editorik, insbes. digitale Formate der Aufbereitung und Edition<\/p>\n<p style=\"font-size: 16px; padding-left: 30px;\">Materialit\u00e4t, Medialit\u00e4t und Rezeption, Text-Bild-Relationen<\/p>\n<p style=\"font-size: 16px; padding-left: 30px;\">Fachtexte und Fachdiskurse des Mittelalters<\/p>\n<p style=\"font-size: 16px; padding-left: 30px;\">Historische Semantik, insbes. Konzeptstudien<\/p>\n<p style=\"font-size: 16px; padding-left: 30px;\">Sprachgeschichte<\/p>\n<p style=\"font-size: 16px; padding-left: 30px;\">Didaktische Vermittlung historischer Sprachstufen<\/p>\n<hr>\n<p style=\"font-size: 17px; text-align: justify;\"><strong>Forschungsprojekte<\/strong><\/p>\n<p style=\"text-align: justify; padding-left: 30px;\"><a href=\"https:\/\/www.linguistics.rub.de\/anselm\/\" target=\"_blank\" rel=\"noopener\"><span style=\"font-size: 12pt;\">\u201eSt. Anselmi Fragen an Maria\u201c \u2013 (digitale) Erschlie\u00dfung, Auswertung und Edition der gesamten deutschsprachigen \u00dcberlieferung (14.-16. Jh.)<\/span><\/a><\/p>\n","protected":false},"excerpt":{"rendered":"<p>Schwerpunkte in der Forschung Textkulturen im Kloster, insbes. normt. Frauenkl\u00f6ster Jagd und Jagen in Texten des Mittelalters und der fr\u00fchen Neuzeit \u00dcberlieferungsforschung und Editorik, insbes. digitale Formate der Aufbereitung und Edition Materialit\u00e4t, Medialit\u00e4t und Rezeption, Text-Bild-Relationen Fachtexte und Fachdiskurse des Mittelalters Historische Semantik, insbes. Konzeptstudien Sprachgeschichte Didaktische Vermittlung historischer Sprachstufen Forschungsprojekte \u201eSt. Anselmi Fragen an&#8230;<\/p>\n","protected":false},"author":1,"featured_media":0,"parent":59,"menu_order":0,"comment_status":"closed","ping_status":"closed","template":"","meta":{"_links_to":"","_links_to_target":""},"_links":{"self":[{"href":"http:\/\/jagd-im-mittelalter.de\/index.php?rest_route=\/wp\/v2\/pages\/355"}],"collection":[{"href":"http:\/\/jagd-im-mittelalter.de\/index.php?rest_route=\/wp\/v2\/pages"}],"about":[{"href":"http:\/\/jagd-im-mittelalter.de\/index.php?rest_route=\/wp\/v2\/types\/page"}],"author":[{"embeddable":true,"href":"http:\/\/jagd-im-mittelalter.de\/index.php?rest_route=\/wp\/v2\/users\/1"}],"replies":[{"embeddable":true,"href":"http:\/\/jagd-im-mittelalter.de\/index.php?rest_route=%2Fwp%2Fv2%2Fcomments&post=355"}],"version-history":[{"count":6,"href":"http:\/\/jagd-im-mittelalter.de\/index.php?rest_route=\/wp\/v2\/pages\/355\/revisions"}],"predecessor-version":[{"id":1135,"href":"http:\/\/jagd-im-mittelalter.de\/index.php?rest_route=\/wp\/v2\/pages\/355\/revisions\/1135"}],"up":[{"embeddable":true,"href":"http:\/\/jagd-im-mittelalter.de\/index.php?rest_route=\/wp\/v2\/pages\/59"}],"wp:attachment":[{"href":"http:\/\/jagd-im-mittelalter.de\/index.php?rest_route=%2Fwp%2Fv2%2Fmedia&parent=355"}],"curies":[{"name":"wp","href":"https:\/\/api.w.org\/{rel}","templated":true}]}}