{"id":251,"date":"2017-12-11T12:19:10","date_gmt":"2017-12-11T11:19:10","guid":{"rendered":"http:\/\/jagd-im-mittelalter.de\/?page_id=251"},"modified":"2019-12-19T16:00:21","modified_gmt":"2019-12-19T15:00:21","slug":"publikationen","status":"publish","type":"page","link":"http:\/\/jagd-im-mittelalter.de\/?page_id=251","title":{"rendered":"Publikationen"},"content":{"rendered":"<h4><strong><span style=\"font-family: georgia, palatino, serif;\">2017<\/span><\/strong><\/h4>\n<p><span style=\"font-size: 12pt; font-family: georgia, palatino, serif;\"><a href=\"http:\/\/archiv.ub.uni-heidelberg.de\/artdok\/volltexte\/2017\/5030\">\u00dcberReste im Einsatz \u2013 Medizinisches Wissen im Kloster Wienhausen<\/a>, bei ART-Dok. Publikationsplattform Kunstgeschichte der Universit\u00e4tsbibliothek Heidelberg, 14. M\u00e4rz 2017,\u00a0http:\/\/archiv.ub.uni-heidelberg.de\/artdok\/5030\/<\/span><\/p>\n<p><span style=\"font-size: 12pt; font-family: georgia, palatino, serif;\"><a href=\"https:\/\/mittelalter.hypotheses.org\/11158\">Heilkundliches Wissen aus Nonnenhand: Sp\u00e4tmittelalterliche medizinische Texte in norddeutschen Frauenkl\u00f6stern<\/a>, in: Mittelalter. Interdisziplin\u00e4re Forschung und Rezeptionsgeschichte, 19. September 2017, https:\/\/mittelalter.hypotheses.org\/11158<\/span><\/p>\n<h4><strong><span style=\"font-family: georgia, palatino, serif;\">2018<\/span><\/strong><\/h4>\n<p><span style=\"font-size: 12pt; font-family: georgia, palatino, serif;\">Art. Promptuarium Medicine, in: Katja Lembke, Jens Reiche (Hgg.): Schatzh\u00fcterin. 200 Jahre Klosterkammer Hannover. Eine Ausstellung der Klosterkammer Hannover im Nieders\u00e4chsischen Landesmuseum Hannover, Dresden 2018, S. 294f.<\/span><\/p>\n<h4><strong><span style=\"font-family: georgia, palatino, serif;\">2019<\/span><\/strong><\/h4>\n<p><span style=\"font-family: georgia, palatino, serif; font-size: 12pt;\">Schultz-Balluff, Simone\/Timo B\u00fclters (2019): Die Nonnen aus dem Kloster L\u00fcne: Kompetent, kreativ und ressourcenbewusst. Schreib- und schriftsprachliche Auswertung des \u00e4ltesten L\u00fcner Briefbuchs (um 1460\u20131535). In: Jahrbuch des Vereins f\u00fcr niederdeutsche Sprachforschung 142, S. 87-123.<\/span><\/p>\n<h4><strong><span style=\"font-family: georgia, palatino, serif;\">2020<\/span><\/strong><\/h4>\n<p><span style=\"font-family: georgia, palatino, serif; font-size: 12pt;\">B\u00fclters, Timo\/Simone Schultz-Balluff (2020): Code-Mixing in den L\u00fcneburger Frauenkl\u00f6stern. In: Glaser, Elvira, Michael Prinz und Stefaniya Ptashnyk (Hgg.): Historisches Codeswitching mit Deutsch. Berlin\/Boston. [in Druckvorbereitung]<\/span><\/p>\n","protected":false},"excerpt":{"rendered":"<p>2017 \u00dcberReste im Einsatz \u2013 Medizinisches Wissen im Kloster Wienhausen, bei ART-Dok. Publikationsplattform Kunstgeschichte der Universit\u00e4tsbibliothek Heidelberg, 14. M\u00e4rz 2017,\u00a0http:\/\/archiv.ub.uni-heidelberg.de\/artdok\/5030\/ Heilkundliches Wissen aus Nonnenhand: Sp\u00e4tmittelalterliche medizinische Texte in norddeutschen Frauenkl\u00f6stern, in: Mittelalter. Interdisziplin\u00e4re Forschung und Rezeptionsgeschichte, 19. September 2017, https:\/\/mittelalter.hypotheses.org\/11158 2018 Art. Promptuarium Medicine, in: Katja Lembke, Jens Reiche (Hgg.): Schatzh\u00fcterin. 200 Jahre Klosterkammer Hannover&#8230;.<\/p>\n","protected":false},"author":1,"featured_media":0,"parent":74,"menu_order":0,"comment_status":"closed","ping_status":"closed","template":"","meta":{"_links_to":"","_links_to_target":""},"_links":{"self":[{"href":"http:\/\/jagd-im-mittelalter.de\/index.php?rest_route=\/wp\/v2\/pages\/251"}],"collection":[{"href":"http:\/\/jagd-im-mittelalter.de\/index.php?rest_route=\/wp\/v2\/pages"}],"about":[{"href":"http:\/\/jagd-im-mittelalter.de\/index.php?rest_route=\/wp\/v2\/types\/page"}],"author":[{"embeddable":true,"href":"http:\/\/jagd-im-mittelalter.de\/index.php?rest_route=\/wp\/v2\/users\/1"}],"replies":[{"embeddable":true,"href":"http:\/\/jagd-im-mittelalter.de\/index.php?rest_route=%2Fwp%2Fv2%2Fcomments&post=251"}],"version-history":[{"count":24,"href":"http:\/\/jagd-im-mittelalter.de\/index.php?rest_route=\/wp\/v2\/pages\/251\/revisions"}],"predecessor-version":[{"id":568,"href":"http:\/\/jagd-im-mittelalter.de\/index.php?rest_route=\/wp\/v2\/pages\/251\/revisions\/568"}],"up":[{"embeddable":true,"href":"http:\/\/jagd-im-mittelalter.de\/index.php?rest_route=\/wp\/v2\/pages\/74"}],"wp:attachment":[{"href":"http:\/\/jagd-im-mittelalter.de\/index.php?rest_route=%2Fwp%2Fv2%2Fmedia&parent=251"}],"curies":[{"name":"wp","href":"https:\/\/api.w.org\/{rel}","templated":true}]}}