{"id":10,"date":"2017-11-29T16:26:19","date_gmt":"2017-11-29T15:26:19","guid":{"rendered":"http:\/\/jagd-im-mittelalter.de\/?page_id=10"},"modified":"2023-11-06T13:44:40","modified_gmt":"2023-11-06T12:44:40","slug":"kontakt","status":"publish","type":"page","link":"http:\/\/jagd-im-mittelalter.de\/?page_id=10","title":{"rendered":"Kontakt"},"content":{"rendered":"<div class=\"page\" title=\"Page 1\">\n<div class=\"layoutArea\">\n<div class=\"column\">\n<figure id=\"attachment_414\" aria-describedby=\"caption-attachment-414\" style=\"width: 300px\" class=\"wp-caption alignright\"><img decoding=\"async\" loading=\"lazy\" class=\"wp-image-414 size-medium\" src=\"http:\/\/jagd-im-mittelalter.de\/wp-content\/uploads\/2018\/01\/Jagd-03_kl_c-Kopie-2-300x195.jpg\" alt=\"\" width=\"300\" height=\"195\" srcset=\"http:\/\/jagd-im-mittelalter.de\/wp-content\/uploads\/2018\/01\/Jagd-03_kl_c-Kopie-2-300x195.jpg 300w, http:\/\/jagd-im-mittelalter.de\/wp-content\/uploads\/2018\/01\/Jagd-03_kl_c-Kopie-2.jpg 685w\" sizes=\"(max-width: 300px) 100vw, 300px\" \/><figcaption id=\"caption-attachment-414\" class=\"wp-caption-text\"><span style=\"font-size: 10pt;\"><em>Ausschnitt Jagdteppich, \u00a9 Kloster Wienhausen \u00a0 \u00a0 \u00a0 \u00a0 \u00a0 \u00a0 \u00a0 \u00a0 \u00a0 \u00a0 \u00a0 \u00a0 \u00a0 \u00a0 \u00a0 \u00a0 \u00a0 \u00a0 \u00a0 \u00a0 \u00a0 \u00a0 \u00a0 \u00a0 \u00a0 \u00a0 \u00a0 \u00a0 \u00a0 \u00a0 \u00a0 \u00a0 \u00a0 \u00a0 \u00a0 \u00a0 \u00a0 \u00a0 \u00a0 \u00a0 \u00a0 \u00a0 \u00a0 \u00a0 \u00a0 \u00a0 \u00a0 \u00a0<\/em><\/span><\/figcaption><\/figure>\n<p><span style=\"font-size: 12pt;\"><strong>Prof. Dr. Simone Schultz-Balluff<\/strong><\/span><br \/>\n<span style=\"font-size: 12pt;\">Martin-Luther-Universit\u00e4t Halle-Wittenberg<br \/>\nGermanistisches Institut<br \/>\nLehrstuhl f\u00fcr Geschichte der deutsche spr\u00e4che und \u00e4lteren deutschen Literatur<br \/>\nLudwig-Wucherer-Str. 2<br \/>\n06108 Halle (Saale)<\/span><\/p>\n<p><span style=\"font-size: 12pt;\">Mail: <a href=\"simone.schultz-balluff@germanistik.uni-halle.de\">simone.schultz-balluff@germanistik.uni-halle.de<\/a><\/span><\/p>\n<\/div>\n<\/div>\n<p><span style=\"font-size: 12pt;\"><strong><br \/>\nDr. Timo B\u00fclters<\/strong><\/span><br \/>\n<span style=\"font-size: 12pt;\">Martin-Luther-Universit\u00e4t Halle-Wittenberg<br \/>\nGermanistisches Institut<br \/>\nLehrstuhl f\u00fcr Geschichte der deutsche spr\u00e4che und \u00e4lteren deutschen Literatur<br \/>\nLudwig-Wucherer-Str. 2<br \/>\n06108 Halle (Saale)<\/span><\/p>\n<p><span style=\"font-size: 12pt;\">Mail:<a href=\"timo.buelters@germanistik.uni-halle.de\"> timo.buelters@germanistik.uni-halle.de<\/a><\/span><\/p>\n<\/div>\n","protected":false},"excerpt":{"rendered":"<p>Prof. Dr. Simone Schultz-Balluff Martin-Luther-Universit\u00e4t Halle-Wittenberg Germanistisches Institut Lehrstuhl f\u00fcr Geschichte der deutsche spr\u00e4che und \u00e4lteren deutschen Literatur Ludwig-Wucherer-Str. 2 06108 Halle (Saale) Mail: simone.schultz-balluff@germanistik.uni-halle.de Dr. Timo B\u00fclters Martin-Luther-Universit\u00e4t Halle-Wittenberg Germanistisches Institut Lehrstuhl f\u00fcr Geschichte der deutsche spr\u00e4che und \u00e4lteren deutschen Literatur Ludwig-Wucherer-Str. 2 06108 Halle (Saale) Mail: timo.buelters@germanistik.uni-halle.de<\/p>\n","protected":false},"author":1,"featured_media":0,"parent":0,"menu_order":0,"comment_status":"closed","ping_status":"closed","template":"","meta":{"_links_to":"","_links_to_target":""},"_links":{"self":[{"href":"http:\/\/jagd-im-mittelalter.de\/index.php?rest_route=\/wp\/v2\/pages\/10"}],"collection":[{"href":"http:\/\/jagd-im-mittelalter.de\/index.php?rest_route=\/wp\/v2\/pages"}],"about":[{"href":"http:\/\/jagd-im-mittelalter.de\/index.php?rest_route=\/wp\/v2\/types\/page"}],"author":[{"embeddable":true,"href":"http:\/\/jagd-im-mittelalter.de\/index.php?rest_route=\/wp\/v2\/users\/1"}],"replies":[{"embeddable":true,"href":"http:\/\/jagd-im-mittelalter.de\/index.php?rest_route=%2Fwp%2Fv2%2Fcomments&post=10"}],"version-history":[{"count":20,"href":"http:\/\/jagd-im-mittelalter.de\/index.php?rest_route=\/wp\/v2\/pages\/10\/revisions"}],"predecessor-version":[{"id":1423,"href":"http:\/\/jagd-im-mittelalter.de\/index.php?rest_route=\/wp\/v2\/pages\/10\/revisions\/1423"}],"wp:attachment":[{"href":"http:\/\/jagd-im-mittelalter.de\/index.php?rest_route=%2Fwp%2Fv2%2Fmedia&parent=10"}],"curies":[{"name":"wp","href":"https:\/\/api.w.org\/{rel}","templated":true}]}}